{"id":35,"date":"2023-05-19T21:31:06","date_gmt":"2023-05-19T21:31:06","guid":{"rendered":"https:\/\/www.edirnebeyazesya.com\/?page_id=35"},"modified":"2023-06-03T22:04:53","modified_gmt":"2023-06-03T22:04:53","slug":"klima","status":"publish","type":"page","link":"https:\/\/www.edirnebeyazesya.com\/index.php\/klima\/","title":{"rendered":"Edirne Klima Tamiri"},"content":{"rendered":"<div class=\"n2_clear\"><ss3-force-full-width data-overflow-x=\"body\" data-horizontal-selector=\"body\"><div class=\"n2-section-smartslider fitvidsignore  n2_clear\" data-ssid=\"12\" tabindex=\"0\" role=\"region\" aria-label=\"Slider\"><div id=\"n2-ss-12-align\" class=\"n2-ss-align\"><div class=\"n2-padding\"><div id=\"n2-ss-12\" data-creator=\"Smart Slider 3\" data-responsive=\"fullwidth\" class=\"n2-ss-slider n2-ow n2-has-hover n2notransition  \">\n        <div class=\"n2-ss-slider-1 n2_ss__touch_element n2-ow\">\n            <div class=\"n2-ss-slider-2 n2-ow\">\n                                                <div class=\"n2-ss-slider-3 n2-ow\">\n\n                    <div class=\"n2-ss-slide-backgrounds n2-ow-all\"><div class=\"n2-ss-slide-background\" data-public-id=\"1\" data-mode=\"fill\"><div class=\"n2-ss-slide-background-image\" data-blur=\"3\" data-opacity=\"30\" data-x=\"26\" data-y=\"43\" data-alt=\"\" data-title=\"\" style=\"opacity:0.3;--ss-o-pos-x:26%;--ss-o-pos-y:43%\"><picture class=\"skip-lazy\" data-skip-lazy=\"1\"><img decoding=\"async\" src=\"\/\/www.edirnebeyazesya.com\/wp-content\/uploads\/slider\/cache\/777e0917eee754306ab7de7afe4ff7b0\/ZaferKlima.jpg\" alt=\"\" title=\"\" loading=\"lazy\" class=\"skip-lazy\" data-skip-lazy=\"1\"><\/picture><\/div><div data-color=\"RGBA(0,0,0,1)\" style=\"background-color: RGBA(0,0,0,1);\" class=\"n2-ss-slide-background-color\"><\/div><\/div><\/div>                    <div class=\"n2-ss-slider-4 n2-ow\">\n                        <svg xmlns=\"http:\/\/www.w3.org\/2000\/svg\" viewBox=\"0 0 1920 200\" data-related-device=\"desktopPortrait\" class=\"n2-ow n2-ss-preserve-size n2-ss-preserve-size--slider n2-ss-slide-limiter\"><\/svg><div data-first=\"1\" data-slide-duration=\"0\" data-id=\"26\" data-slide-public-id=\"1\" data-title=\"Slide 1\" class=\"n2-ss-slide n2-ow  n2-ss-slide-26\"><div role=\"note\" class=\"n2-ss-slide--focus\" tabindex=\"-1\">Slide 1<\/div><div class=\"n2-ss-layers-container n2-ss-slide-limiter n2-ow\"><div class=\"n2-ss-layer n2-ow n-uc-CWwXH07ULSm4\" data-sstype=\"slide\" data-pm=\"default\"><div class=\"n2-ss-layer n2-ow n-uc-16610d53ccff8\" data-pm=\"default\" data-sstype=\"content\" data-hasbackground=\"0\"><div class=\"n2-ss-section-main-content n2-ss-layer-with-background n2-ss-layer-content n2-ow n-uc-16610d53ccff8-inner\"><div class=\"n2-ss-layer n2-ow n-uc-LDa6JCrwHRKO\" data-pm=\"normal\" data-sstype=\"layer\"><div id=\"n2-ss-12item1\" class=\"n2-font-a930bfce5ae9d1bcd9a7bb7671937f3c-hover   n2-ss-item-content n2-ss-text n2-ow\" style=\"display:block;\">KL\u0130MA BAKIM &amp; ARIZA &#8211; TEM\u0130ZL\u0130K<\/div><\/div><\/div><\/div><\/div><\/div><\/div>                    <\/div>\n\n                                    <\/div>\n            <\/div>\n        <\/div>\n        <\/div><ss3-loader><\/ss3-loader><\/div><\/div><div class=\"n2_clear\"><\/div><\/div><\/ss3-force-full-width><\/div>\n\n\n<div style=\"height:40px\" aria-hidden=\"true\" class=\"wp-block-spacer\"><\/div>\n\n\n\n<div class=\"wp-block-columns is-layout-flex wp-container-core-columns-is-layout-9d6595d7 wp-block-columns-is-layout-flex\">\n<div class=\"wp-block-column is-layout-flow wp-block-column-is-layout-flow\" style=\"flex-basis:66.66%\">\n<p class=\"has-medium-font-size\">Klima, s\u0131cak yaz aylar\u0131nda evlerimizin ve ofislerimizin vazge\u00e7ilmez bir par\u00e7as\u0131d\u0131r. Ancak, kliman\u0131n d\u00fczg\u00fcn \u00e7al\u0131\u015fmas\u0131 ve uzun \u00f6m\u00fcrl\u00fc olmas\u0131 i\u00e7in d\u00fczenli periyodik bak\u0131m yap\u0131lmas\u0131 gerekmektedir. \u0130\u015fte klima periyodik bak\u0131m\u0131n\u0131n \u00f6nemi.<\/p>\n\n\n\n<p class=\"has-medium-font-size\"><strong>Periyodik Bak\u0131m\u0131n \u00d6nemi:<\/strong><\/p>\n\n\n\n<ol class=\"wp-block-list\">\n<li class=\"has-medium-font-size\"><strong>Verimlilik:<\/strong> D\u00fczenli bak\u0131m, kliman\u0131n enerji verimlili\u011fini art\u0131r\u0131r. Kirli hava filtreleri veya t\u0131kanm\u0131\u015f hava kanallar\u0131, kliman\u0131n performans\u0131n\u0131 d\u00fc\u015f\u00fcrebilir ve enerji t\u00fcketimini art\u0131rabilir. Temiz filtreler ve temiz hava kanallar\u0131, kliman\u0131n daha verimli \u00e7al\u0131\u015fmas\u0131n\u0131 sa\u011flar ve enerji maliyetlerinizi azalt\u0131r.<\/li>\n\n\n\n<li class=\"has-medium-font-size\"><strong>Hava Kalitesi:<\/strong> Klima, i\u00e7 mekan hava kalitesini etkileyen bir fakt\u00f6rd\u00fcr. Kirli hava filtreleri, havada bulunan toz, polen ve di\u011fer kirleticileri kliman\u0131n i\u00e7 mekana yaymas\u0131na neden olabilir. D\u00fczenli bak\u0131m, hava filtrelerinin temizlenmesini veya de\u011fi\u015ftirilmesini i\u00e7erir, b\u00f6ylece klima temiz ve sa\u011fl\u0131kl\u0131 hava \u00fcretebilir.<\/li>\n\n\n\n<li class=\"has-medium-font-size\"><strong>Dayan\u0131kl\u0131l\u0131k:<\/strong> Kliman\u0131n d\u00fczenli bak\u0131m\u0131, \u00f6mr\u00fcn\u00fc uzat\u0131r. Kirli veya t\u0131kanm\u0131\u015f par\u00e7alar, kliman\u0131n a\u015f\u0131r\u0131 \u0131s\u0131nmas\u0131na ve a\u015f\u0131nmas\u0131na neden olabilir. D\u00fczenli bak\u0131m, kliman\u0131n sorunsuz bir \u015fekilde \u00e7al\u0131\u015fmas\u0131n\u0131 sa\u011flar ve b\u00fcy\u00fck ar\u0131zalar\u0131n \u00f6nlenmesine yard\u0131mc\u0131 olur.<\/li>\n<\/ol>\n\n\n\n<p class=\"has-medium-font-size\"><strong>Klima Tamir ve Ar\u0131za Giderilmesi:<\/strong><br>Yaz ve k\u0131\u015f yo\u011fun kullan\u0131lan klimalar ortama \u0131s\u0131tma ve so\u011futma sa\u011flamaktad\u0131r. Klima tamiri i\u00e7in gereken t\u00fcm i\u015flemler yap\u0131lmaktad\u0131r. Ev, ofis, i\u015fyeri i\u00e7in olduk\u00e7a fazla tercih edilen klimalar hayat\u0131 kolayla\u015ft\u0131ran cihazlard\u0131r. Klima sayesinde kapal\u0131 alanlar\u0131n hava s\u0131cakl\u0131\u011f\u0131 ayarlanmakta ve hava sirk\u00fclasyonu sa\u011flanmaktad\u0131r. \u0130htiya\u00e7 duydu\u011funuz klima tamirini <strong>Edirne<\/strong> <strong>Zafer Teknik Servis<\/strong> taraf\u0131ndan alabilirsiniz.<\/p>\n<\/div>\n\n\n\n<div class=\"wp-block-column is-layout-flow wp-block-column-is-layout-flow\" style=\"flex-basis:33.33%\">\n<figure class=\"wp-block-image size-large is-resized\"><img loading=\"lazy\" decoding=\"async\" src=\"https:\/\/www.edirnebeyazesya.com\/wp-content\/uploads\/2023\/06\/KlimaPetekTemizlikYeni-1-511x1024.jpg\" alt=\"\" class=\"wp-image-338\" width=\"365\" height=\"730\" srcset=\"https:\/\/www.edirnebeyazesya.com\/wp-content\/uploads\/2023\/06\/KlimaPetekTemizlikYeni-1-511x1024.jpg 511w, https:\/\/www.edirnebeyazesya.com\/wp-content\/uploads\/2023\/06\/KlimaPetekTemizlikYeni-1-150x300.jpg 150w, https:\/\/www.edirnebeyazesya.com\/wp-content\/uploads\/2023\/06\/KlimaPetekTemizlikYeni-1-768x1538.jpg 768w, https:\/\/www.edirnebeyazesya.com\/wp-content\/uploads\/2023\/06\/KlimaPetekTemizlikYeni-1-767x1536.jpg 767w, https:\/\/www.edirnebeyazesya.com\/wp-content\/uploads\/2023\/06\/KlimaPetekTemizlikYeni-1.jpg 1000w\" sizes=\"auto, (max-width: 365px) 100vw, 365px\" \/><\/figure>\n<\/div>\n<\/div>\n","protected":false},"excerpt":{"rendered":"<p>Klima, s\u0131cak yaz aylar\u0131nda evlerimizin ve ofislerimizin vazge\u00e7ilmez bir par\u00e7as\u0131d\u0131r. Ancak, kliman\u0131n d\u00fczg\u00fcn \u00e7al\u0131\u015fmas\u0131 ve uzun \u00f6m\u00fcrl\u00fc olmas\u0131 i\u00e7in d\u00fczenli periyodik bak\u0131m yap\u0131lmas\u0131 gerekmektedir. \u0130\u015fte klima periyodik bak\u0131m\u0131n\u0131n \u00f6nemi. Periyodik Bak\u0131m\u0131n \u00d6nemi: Klima Tamir ve Ar\u0131za Giderilmesi:Yaz ve k\u0131\u015f yo\u011fun kullan\u0131lan klimalar ortama \u0131s\u0131tma ve so\u011futma sa\u011flamaktad\u0131r. Klima tamiri i\u00e7in gereken t\u00fcm i\u015flemler yap\u0131lmaktad\u0131r. Ev, [&hellip;]<\/p>\n","protected":false},"author":1,"featured_media":0,"parent":0,"menu_order":0,"comment_status":"closed","ping_status":"closed","template":"","meta":{"footnotes":""},"class_list":["post-35","page","type-page","status-publish","hentry"],"yoast_head":"<!-- This site is optimized with the Yoast SEO plugin v24.9 - https:\/\/yoast.com\/wordpress\/plugins\/seo\/ -->\n<title>Edirne Klima Tamiri - Zafer Teknik Servis<\/title>\n<meta name=\"description\" content=\"Zafer Teknik Servis Edirne Edirne Klima Tamiri tamiri, bak\u0131m\u0131 konusunda profesyonel hizmet vermektedir. 7\/24 \u00e7al\u0131\u015farak sizlere hizmet vermekteyiz.\" \/>\n<meta name=\"robots\" content=\"index, follow, max-snippet:-1, max-image-preview:large, max-video-preview:-1\" \/>\n<link rel=\"canonical\" href=\"https:\/\/www.edirnebeyazesya.com\/index.php\/klima\/\" \/>\n<meta property=\"og:locale\" content=\"tr_TR\" \/>\n<meta property=\"og:type\" content=\"article\" \/>\n<meta property=\"og:title\" content=\"Edirne Klima Tamiri - Zafer Teknik Servis\" \/>\n<meta property=\"og:description\" content=\"Zafer Teknik Servis Edirne Edirne Klima Tamiri tamiri, bak\u0131m\u0131 konusunda profesyonel hizmet vermektedir. 7\/24 \u00e7al\u0131\u015farak sizlere hizmet vermekteyiz.\" \/>\n<meta property=\"og:url\" content=\"https:\/\/www.edirnebeyazesya.com\/index.php\/klima\/\" \/>\n<meta property=\"og:site_name\" content=\"Zafer Teknik Servis\" \/>\n<meta property=\"article:modified_time\" content=\"2023-06-03T22:04:53+00:00\" \/>\n<meta property=\"og:image\" content=\"https:\/\/www.edirnebeyazesya.com\/wp-content\/uploads\/2023\/06\/KlimaPetekTemizlikYeni-1-511x1024.jpg\" \/>\n<meta name=\"twitter:card\" content=\"summary_large_image\" \/>\n<meta name=\"twitter:label1\" content=\"Tahmini okuma s\u00fcresi\" \/>\n\t<meta name=\"twitter:data1\" content=\"2 dakika\" \/>\n<script type=\"application\/ld+json\" class=\"yoast-schema-graph\">{\"@context\":\"https:\/\/schema.org\",\"@graph\":[{\"@type\":\"WebPage\",\"@id\":\"https:\/\/www.edirnebeyazesya.com\/index.php\/klima\/\",\"url\":\"https:\/\/www.edirnebeyazesya.com\/index.php\/klima\/\",\"name\":\"Edirne Klima Tamiri - Zafer Teknik Servis\",\"isPartOf\":{\"@id\":\"https:\/\/www.edirnebeyazesya.com\/#website\"},\"primaryImageOfPage\":{\"@id\":\"https:\/\/www.edirnebeyazesya.com\/index.php\/klima\/#primaryimage\"},\"image\":{\"@id\":\"https:\/\/www.edirnebeyazesya.com\/index.php\/klima\/#primaryimage\"},\"thumbnailUrl\":\"https:\/\/www.edirnebeyazesya.com\/wp-content\/uploads\/2023\/06\/KlimaPetekTemizlikYeni-1-511x1024.jpg\",\"datePublished\":\"2023-05-19T21:31:06+00:00\",\"dateModified\":\"2023-06-03T22:04:53+00:00\",\"description\":\"Zafer Teknik Servis Edirne Edirne Klima Tamiri tamiri, bak\u0131m\u0131 konusunda profesyonel hizmet vermektedir. 7\/24 \u00e7al\u0131\u015farak sizlere hizmet vermekteyiz.\",\"breadcrumb\":{\"@id\":\"https:\/\/www.edirnebeyazesya.com\/index.php\/klima\/#breadcrumb\"},\"inLanguage\":\"tr\",\"potentialAction\":[{\"@type\":\"ReadAction\",\"target\":[\"https:\/\/www.edirnebeyazesya.com\/index.php\/klima\/\"]}]},{\"@type\":\"ImageObject\",\"inLanguage\":\"tr\",\"@id\":\"https:\/\/www.edirnebeyazesya.com\/index.php\/klima\/#primaryimage\",\"url\":\"https:\/\/www.edirnebeyazesya.com\/wp-content\/uploads\/2023\/06\/KlimaPetekTemizlikYeni-1-511x1024.jpg\",\"contentUrl\":\"https:\/\/www.edirnebeyazesya.com\/wp-content\/uploads\/2023\/06\/KlimaPetekTemizlikYeni-1-511x1024.jpg\"},{\"@type\":\"BreadcrumbList\",\"@id\":\"https:\/\/www.edirnebeyazesya.com\/index.php\/klima\/#breadcrumb\",\"itemListElement\":[{\"@type\":\"ListItem\",\"position\":1,\"name\":\"Anasayfa\",\"item\":\"https:\/\/www.edirnebeyazesya.com\/\"},{\"@type\":\"ListItem\",\"position\":2,\"name\":\"Edirne Klima Tamiri\"}]},{\"@type\":\"WebSite\",\"@id\":\"https:\/\/www.edirnebeyazesya.com\/#website\",\"url\":\"https:\/\/www.edirnebeyazesya.com\/\",\"name\":\"Edirne Beyaz E\u015fya, Kombi, Klima - Zafer Teknik\",\"description\":\"Edirne Beyaz E\u015fya, Kombi, Klima - Zafer Teknik Servis\",\"publisher\":{\"@id\":\"https:\/\/www.edirnebeyazesya.com\/#organization\"},\"potentialAction\":[{\"@type\":\"SearchAction\",\"target\":{\"@type\":\"EntryPoint\",\"urlTemplate\":\"https:\/\/www.edirnebeyazesya.com\/?s={search_term_string}\"},\"query-input\":{\"@type\":\"PropertyValueSpecification\",\"valueRequired\":true,\"valueName\":\"search_term_string\"}}],\"inLanguage\":\"tr\"},{\"@type\":\"Organization\",\"@id\":\"https:\/\/www.edirnebeyazesya.com\/#organization\",\"name\":\"Edirne Beyaz E\u015fya, Kombi, Klima - Zafer Teknik\",\"url\":\"https:\/\/www.edirnebeyazesya.com\/\",\"logo\":{\"@type\":\"ImageObject\",\"inLanguage\":\"tr\",\"@id\":\"https:\/\/www.edirnebeyazesya.com\/#\/schema\/logo\/image\/\",\"url\":\"https:\/\/www.edirnebeyazesya.com\/wp-content\/uploads\/2023\/05\/cropped-zafer-teknik-servis-low-resolution-color-logo-1-1.png\",\"contentUrl\":\"https:\/\/www.edirnebeyazesya.com\/wp-content\/uploads\/2023\/05\/cropped-zafer-teknik-servis-low-resolution-color-logo-1-1.png\",\"width\":240,\"height\":114,\"caption\":\"Edirne Beyaz E\u015fya, Kombi, Klima - Zafer Teknik\"},\"image\":{\"@id\":\"https:\/\/www.edirnebeyazesya.com\/#\/schema\/logo\/image\/\"}}]}<\/script>\n<!-- \/ Yoast SEO plugin. -->","yoast_head_json":{"title":"Edirne Klima Tamiri - Zafer Teknik Servis","description":"Zafer Teknik Servis Edirne Edirne Klima Tamiri tamiri, bak\u0131m\u0131 konusunda profesyonel hizmet vermektedir. 7\/24 \u00e7al\u0131\u015farak sizlere hizmet vermekteyiz.","robots":{"index":"index","follow":"follow","max-snippet":"max-snippet:-1","max-image-preview":"max-image-preview:large","max-video-preview":"max-video-preview:-1"},"canonical":"https:\/\/www.edirnebeyazesya.com\/index.php\/klima\/","og_locale":"tr_TR","og_type":"article","og_title":"Edirne Klima Tamiri - Zafer Teknik Servis","og_description":"Zafer Teknik Servis Edirne Edirne Klima Tamiri tamiri, bak\u0131m\u0131 konusunda profesyonel hizmet vermektedir. 7\/24 \u00e7al\u0131\u015farak sizlere hizmet vermekteyiz.","og_url":"https:\/\/www.edirnebeyazesya.com\/index.php\/klima\/","og_site_name":"Zafer Teknik Servis","article_modified_time":"2023-06-03T22:04:53+00:00","og_image":[{"url":"https:\/\/www.edirnebeyazesya.com\/wp-content\/uploads\/2023\/06\/KlimaPetekTemizlikYeni-1-511x1024.jpg","type":"","width":"","height":""}],"twitter_card":"summary_large_image","twitter_misc":{"Tahmini okuma s\u00fcresi":"2 dakika"},"schema":{"@context":"https:\/\/schema.org","@graph":[{"@type":"WebPage","@id":"https:\/\/www.edirnebeyazesya.com\/index.php\/klima\/","url":"https:\/\/www.edirnebeyazesya.com\/index.php\/klima\/","name":"Edirne Klima Tamiri - Zafer Teknik Servis","isPartOf":{"@id":"https:\/\/www.edirnebeyazesya.com\/#website"},"primaryImageOfPage":{"@id":"https:\/\/www.edirnebeyazesya.com\/index.php\/klima\/#primaryimage"},"image":{"@id":"https:\/\/www.edirnebeyazesya.com\/index.php\/klima\/#primaryimage"},"thumbnailUrl":"https:\/\/www.edirnebeyazesya.com\/wp-content\/uploads\/2023\/06\/KlimaPetekTemizlikYeni-1-511x1024.jpg","datePublished":"2023-05-19T21:31:06+00:00","dateModified":"2023-06-03T22:04:53+00:00","description":"Zafer Teknik Servis Edirne Edirne Klima Tamiri tamiri, bak\u0131m\u0131 konusunda profesyonel hizmet vermektedir. 7\/24 \u00e7al\u0131\u015farak sizlere hizmet vermekteyiz.","breadcrumb":{"@id":"https:\/\/www.edirnebeyazesya.com\/index.php\/klima\/#breadcrumb"},"inLanguage":"tr","potentialAction":[{"@type":"ReadAction","target":["https:\/\/www.edirnebeyazesya.com\/index.php\/klima\/"]}]},{"@type":"ImageObject","inLanguage":"tr","@id":"https:\/\/www.edirnebeyazesya.com\/index.php\/klima\/#primaryimage","url":"https:\/\/www.edirnebeyazesya.com\/wp-content\/uploads\/2023\/06\/KlimaPetekTemizlikYeni-1-511x1024.jpg","contentUrl":"https:\/\/www.edirnebeyazesya.com\/wp-content\/uploads\/2023\/06\/KlimaPetekTemizlikYeni-1-511x1024.jpg"},{"@type":"BreadcrumbList","@id":"https:\/\/www.edirnebeyazesya.com\/index.php\/klima\/#breadcrumb","itemListElement":[{"@type":"ListItem","position":1,"name":"Anasayfa","item":"https:\/\/www.edirnebeyazesya.com\/"},{"@type":"ListItem","position":2,"name":"Edirne Klima Tamiri"}]},{"@type":"WebSite","@id":"https:\/\/www.edirnebeyazesya.com\/#website","url":"https:\/\/www.edirnebeyazesya.com\/","name":"Edirne Beyaz E\u015fya, Kombi, Klima - Zafer Teknik","description":"Edirne Beyaz E\u015fya, Kombi, Klima - Zafer Teknik Servis","publisher":{"@id":"https:\/\/www.edirnebeyazesya.com\/#organization"},"potentialAction":[{"@type":"SearchAction","target":{"@type":"EntryPoint","urlTemplate":"https:\/\/www.edirnebeyazesya.com\/?s={search_term_string}"},"query-input":{"@type":"PropertyValueSpecification","valueRequired":true,"valueName":"search_term_string"}}],"inLanguage":"tr"},{"@type":"Organization","@id":"https:\/\/www.edirnebeyazesya.com\/#organization","name":"Edirne Beyaz E\u015fya, Kombi, Klima - Zafer Teknik","url":"https:\/\/www.edirnebeyazesya.com\/","logo":{"@type":"ImageObject","inLanguage":"tr","@id":"https:\/\/www.edirnebeyazesya.com\/#\/schema\/logo\/image\/","url":"https:\/\/www.edirnebeyazesya.com\/wp-content\/uploads\/2023\/05\/cropped-zafer-teknik-servis-low-resolution-color-logo-1-1.png","contentUrl":"https:\/\/www.edirnebeyazesya.com\/wp-content\/uploads\/2023\/05\/cropped-zafer-teknik-servis-low-resolution-color-logo-1-1.png","width":240,"height":114,"caption":"Edirne Beyaz E\u015fya, Kombi, Klima - Zafer Teknik"},"image":{"@id":"https:\/\/www.edirnebeyazesya.com\/#\/schema\/logo\/image\/"}}]}},"_links":{"self":[{"href":"https:\/\/www.edirnebeyazesya.com\/index.php\/wp-json\/wp\/v2\/pages\/35","targetHints":{"allow":["GET"]}}],"collection":[{"href":"https:\/\/www.edirnebeyazesya.com\/index.php\/wp-json\/wp\/v2\/pages"}],"about":[{"href":"https:\/\/www.edirnebeyazesya.com\/index.php\/wp-json\/wp\/v2\/types\/page"}],"author":[{"embeddable":true,"href":"https:\/\/www.edirnebeyazesya.com\/index.php\/wp-json\/wp\/v2\/users\/1"}],"replies":[{"embeddable":true,"href":"https:\/\/www.edirnebeyazesya.com\/index.php\/wp-json\/wp\/v2\/comments?post=35"}],"version-history":[{"count":30,"href":"https:\/\/www.edirnebeyazesya.com\/index.php\/wp-json\/wp\/v2\/pages\/35\/revisions"}],"predecessor-version":[{"id":511,"href":"https:\/\/www.edirnebeyazesya.com\/index.php\/wp-json\/wp\/v2\/pages\/35\/revisions\/511"}],"wp:attachment":[{"href":"https:\/\/www.edirnebeyazesya.com\/index.php\/wp-json\/wp\/v2\/media?parent=35"}],"curies":[{"name":"wp","href":"https:\/\/api.w.org\/{rel}","templated":true}]}}