{"id":34,"date":"2023-05-19T21:31:06","date_gmt":"2023-05-19T21:31:06","guid":{"rendered":"https:\/\/www.edirnebeyazesya.com\/?page_id=34"},"modified":"2023-06-03T22:23:04","modified_gmt":"2023-06-03T22:23:04","slug":"kombi","status":"publish","type":"page","link":"https:\/\/www.edirnebeyazesya.com\/index.php\/kombi\/","title":{"rendered":"Edirne Kombi Tamiri"},"content":{"rendered":"<div class=\"n2_clear\"><ss3-force-full-width data-overflow-x=\"body\" data-horizontal-selector=\"body\"><div class=\"n2-section-smartslider fitvidsignore  n2_clear\" data-ssid=\"10\" tabindex=\"0\" role=\"region\" aria-label=\"Slider\"><div id=\"n2-ss-10-align\" class=\"n2-ss-align\"><div class=\"n2-padding\"><div id=\"n2-ss-10\" data-creator=\"Smart Slider 3\" data-responsive=\"fullwidth\" class=\"n2-ss-slider n2-ow n2-has-hover n2notransition  \">\n        <div class=\"n2-ss-slider-1 n2_ss__touch_element n2-ow\">\n            <div class=\"n2-ss-slider-2 n2-ow\">\n                                                <div class=\"n2-ss-slider-3 n2-ow\">\n\n                    <div class=\"n2-ss-slide-backgrounds n2-ow-all\"><div class=\"n2-ss-slide-background\" data-public-id=\"1\" data-mode=\"fill\"><div class=\"n2-ss-slide-background-image\" data-blur=\"3\" data-opacity=\"30\" data-x=\"45\" data-y=\"44\" data-alt=\"\" data-title=\"\" style=\"opacity:0.3;--ss-o-pos-x:45%;--ss-o-pos-y:44%\"><picture class=\"skip-lazy\" data-skip-lazy=\"1\"><img decoding=\"async\" src=\"\/\/www.edirnebeyazesya.com\/wp-content\/uploads\/slider\/cache\/5ffb6d0c21e96ff706c63547f63b591e\/KombiZafer.jpg\" alt=\"\" title=\"\" loading=\"lazy\" class=\"skip-lazy\" data-skip-lazy=\"1\"><\/picture><\/div><div data-color=\"RGBA(0,0,0,1)\" style=\"background-color: RGBA(0,0,0,1);\" class=\"n2-ss-slide-background-color\"><\/div><\/div><\/div>                    <div class=\"n2-ss-slider-4 n2-ow\">\n                        <svg xmlns=\"http:\/\/www.w3.org\/2000\/svg\" viewBox=\"0 0 1920 200\" data-related-device=\"desktopPortrait\" class=\"n2-ow n2-ss-preserve-size n2-ss-preserve-size--slider n2-ss-slide-limiter\"><\/svg><div data-first=\"1\" data-slide-duration=\"0\" data-id=\"20\" data-slide-public-id=\"1\" data-title=\"Slide 1\" class=\"n2-ss-slide n2-ow  n2-ss-slide-20\"><div role=\"note\" class=\"n2-ss-slide--focus\" tabindex=\"-1\">Slide 1<\/div><div class=\"n2-ss-layers-container n2-ss-slide-limiter n2-ow\"><div class=\"n2-ss-layer n2-ow n-uc-MwSeMFDdYH7m\" data-sstype=\"slide\" data-pm=\"default\"><div class=\"n2-ss-layer n2-ow n-uc-16610d53ccff8\" data-pm=\"default\" data-sstype=\"content\" data-hasbackground=\"0\"><div class=\"n2-ss-section-main-content n2-ss-layer-with-background n2-ss-layer-content n2-ow n-uc-16610d53ccff8-inner\"><div class=\"n2-ss-layer n2-ow n-uc-mYQ4HHRCOqkk\" data-pm=\"normal\" data-sstype=\"layer\"><div id=\"n2-ss-10item1\" class=\"n2-font-a930bfce5ae9d1bcd9a7bb7671937f3c-hover   n2-ss-item-content n2-ss-text n2-ow\" style=\"display:block;\">KOMB\u0130 BAKIM &amp; ARIZA &#8211; ANAKART TAM\u0130R -PETEK TEM\u0130ZL\u0130K<\/div><\/div><\/div><\/div><\/div><\/div><\/div>                    <\/div>\n\n                                    <\/div>\n            <\/div>\n        <\/div>\n        <\/div><ss3-loader><\/ss3-loader><\/div><\/div><div class=\"n2_clear\"><\/div><\/div><\/ss3-force-full-width><\/div>\n\n\n<div style=\"height:40px\" aria-hidden=\"true\" class=\"wp-block-spacer\"><\/div>\n\n\n\n<div class=\"wp-block-columns is-layout-flex wp-container-core-columns-is-layout-9d6595d7 wp-block-columns-is-layout-flex\">\n<div class=\"wp-block-column is-layout-flow wp-block-column-is-layout-flow\" style=\"flex-basis:66.66%\">\n<p class=\"has-medium-font-size\"><strong>Kombi<\/strong>, evlerde veya di\u011fer yap\u0131lar\u0131n \u0131s\u0131tma ve s\u0131cak su ihtiya\u00e7lar\u0131n\u0131 kar\u015f\u0131lamak i\u00e7in kullan\u0131lan bir \u0131s\u0131tma cihaz\u0131d\u0131r. \u0130ngilizce &#8220;combination boiler&#8221; kelimesinin k\u0131saltmas\u0131 olan kombi, hem \u0131s\u0131tma hem de s\u0131cak su \u00fcretimi i\u00e7in tek bir cihazda entegre edilmi\u015ftir.<\/p>\n\n\n\n<p class=\"has-medium-font-size\"><strong>Kombi cihazlar\u0131<\/strong>&nbsp;\u015fofbenlerde oldu\u011fu gibi borulardan gelen suyun bir e\u015fanj\u00f6r vas\u0131tas\u0131yla \u0131s\u0131t\u0131lmas\u0131 ilkesi \u00fczerine \u00e7al\u0131\u015f\u0131rlar.&nbsp;<\/p>\n\n\n\n<p class=\"has-medium-font-size\">G\u00fcn\u00fcm\u00fczdeki kombilerde dijital kontrol paneli, yo\u011fu\u015fma teknolojisi, alev mod\u00fclasyonu, yanma havas\u0131 ayar\u0131, ar\u0131za uyar\u0131 sistemi, donmaya kar\u015f\u0131 koruma, pomba s\u0131k\u0131\u015fmas\u0131n\u0131 \u00f6nleme gibi bir \u00e7ok teknolojik \u00f6zellik bulunmaktad\u0131r. Bu teknoloji zamanla kullan\u0131ld\u0131k\u00e7a&nbsp; bir \u00e7ok ar\u0131zay\u0131 da beraberinde getirmektedir. Kombiler do\u011fal gaz vas\u0131tas\u0131 ile \u00e7al\u0131\u015ft\u0131\u011f\u0131 i\u00e7in bu ar\u0131zalar hafife al\u0131nmamal\u0131d\u0131r. Herhangi bir ar\u0131za durumunda do\u011falgaz vanas\u0131n\u0131 kapat\u0131lmal\u0131 ve ard\u0131ndan <strong>Edirne<\/strong>&nbsp;<strong>Zafer Teknik Servis<\/strong>&nbsp;ekibini \u00e7a\u011f\u0131rabilirsiniz.&nbsp;<strong>Edirne<\/strong> <strong>Zafer Teknik Servis<\/strong>&nbsp;olarak bizler sizlere en kaliteli ve en g\u00fcvenli hizmeti sunmak i\u00e7in buraday\u0131z.&nbsp;<\/p>\n\n\n\n<p class=\"has-medium-font-size\"><strong>Kombi Ar\u0131zalar\u0131&nbsp;<\/strong>&nbsp;<\/p>\n\n\n\n<ul class=\"wp-block-list\">\n<li class=\"has-medium-font-size\">Tesisat Bas\u0131nc\u0131ndan kaynakl\u0131 ar\u0131zalar&nbsp;<\/li>\n\n\n\n<li class=\"has-medium-font-size\">Kombi Yaz\/K\u0131\u015f Modu ayar\u0131n\u0131n do\u011fru yap\u0131lmam\u0131\u015f olmas\u0131&nbsp;<\/li>\n\n\n\n<li class=\"has-medium-font-size\">Kurulum Hatalar\u0131&nbsp;&nbsp;<\/li>\n\n\n\n<li class=\"has-medium-font-size\">Kombi su bas\u0131nc\u0131&nbsp;<\/li>\n\n\n\n<li class=\"has-medium-font-size\">Kullan\u0131c\u0131 Hatalar\u0131&nbsp;<\/li>\n\n\n\n<li class=\"has-medium-font-size\">Elektrik Aksam\u0131 Ar\u0131zalar\u0131&nbsp;<\/li>\n\n\n\n<li class=\"has-medium-font-size\">Kombi petekleri \u0131s\u0131tm\u0131yor&nbsp;<\/li>\n\n\n\n<li class=\"has-medium-font-size\">Kombi suyu \u0131s\u0131tm\u0131yor&nbsp;<\/li>\n\n\n\n<li class=\"has-medium-font-size\">Kombi gaz ka\u00e7\u0131r\u0131yor&nbsp;<\/li>\n\n\n\n<li class=\"has-medium-font-size\">Gaz vanas\u0131n\u0131n Kapal\u0131 Olmas\u0131n&nbsp;<\/li>\n\n\n\n<li class=\"has-medium-font-size\">Kombi peteklere su basm\u0131yor&nbsp;<\/li>\n\n\n\n<li class=\"has-medium-font-size\">Kombi ar\u0131za modundan \u00e7\u0131km\u0131yor&nbsp;<\/li>\n<\/ul>\n\n\n\n<p class=\"has-medium-font-size\">Yukar\u0131daki ar\u0131zalardan herhangi biri ile olmas\u0131 dahilinde vakit kaybetmeden bizimle ileti\u015fime ge\u00e7menizi tavsiye ederiz.&nbsp;<\/p>\n<\/div>\n\n\n\n<div class=\"wp-block-column is-layout-flow wp-block-column-is-layout-flow\" style=\"flex-basis:33.33%\">\n<figure class=\"wp-block-image size-large\"><img loading=\"lazy\" decoding=\"async\" width=\"396\" height=\"1024\" src=\"https:\/\/www.edirnebeyazesya.com\/wp-content\/uploads\/2023\/06\/kombitoplu-396x1024.jpg\" alt=\"Edirne Kombi Tamiri\" class=\"wp-image-432\" srcset=\"https:\/\/www.edirnebeyazesya.com\/wp-content\/uploads\/2023\/06\/kombitoplu-396x1024.jpg 396w, https:\/\/www.edirnebeyazesya.com\/wp-content\/uploads\/2023\/06\/kombitoplu-116x300.jpg 116w, https:\/\/www.edirnebeyazesya.com\/wp-content\/uploads\/2023\/06\/kombitoplu-768x1985.jpg 768w, https:\/\/www.edirnebeyazesya.com\/wp-content\/uploads\/2023\/06\/kombitoplu-594x1536.jpg 594w, https:\/\/www.edirnebeyazesya.com\/wp-content\/uploads\/2023\/06\/kombitoplu-792x2048.jpg 792w, https:\/\/www.edirnebeyazesya.com\/wp-content\/uploads\/2023\/06\/kombitoplu.jpg 801w\" sizes=\"auto, (max-width: 396px) 100vw, 396px\" \/><\/figure>\n<\/div>\n<\/div>\n","protected":false},"excerpt":{"rendered":"<p>Kombi, evlerde veya di\u011fer yap\u0131lar\u0131n \u0131s\u0131tma ve s\u0131cak su ihtiya\u00e7lar\u0131n\u0131 kar\u015f\u0131lamak i\u00e7in kullan\u0131lan bir \u0131s\u0131tma cihaz\u0131d\u0131r. \u0130ngilizce &#8220;combination boiler&#8221; kelimesinin k\u0131saltmas\u0131 olan kombi, hem \u0131s\u0131tma hem de s\u0131cak su \u00fcretimi i\u00e7in tek bir cihazda entegre edilmi\u015ftir. Kombi cihazlar\u0131&nbsp;\u015fofbenlerde oldu\u011fu gibi borulardan gelen suyun bir e\u015fanj\u00f6r vas\u0131tas\u0131yla \u0131s\u0131t\u0131lmas\u0131 ilkesi \u00fczerine \u00e7al\u0131\u015f\u0131rlar.&nbsp; G\u00fcn\u00fcm\u00fczdeki kombilerde dijital kontrol paneli, [&hellip;]<\/p>\n","protected":false},"author":1,"featured_media":0,"parent":0,"menu_order":0,"comment_status":"closed","ping_status":"closed","template":"","meta":{"footnotes":""},"class_list":["post-34","page","type-page","status-publish","hentry"],"yoast_head":"<!-- This site is optimized with the Yoast SEO plugin v24.9 - https:\/\/yoast.com\/wordpress\/plugins\/seo\/ -->\n<title>Edirne Kombi Tamiri - Zafer Teknik Servis<\/title>\n<meta name=\"description\" content=\"Zafer Teknik Servis Edirne Edirne Kombi Tamiri tamiri, bak\u0131m\u0131 konusunda profesyonel hizmet vermektedir. 7\/24 \u00e7al\u0131\u015farak sizlere hizmet vermekteyiz.\" \/>\n<meta name=\"robots\" content=\"index, follow, max-snippet:-1, max-image-preview:large, max-video-preview:-1\" \/>\n<link rel=\"canonical\" href=\"https:\/\/www.edirnebeyazesya.com\/index.php\/kombi\/\" \/>\n<meta property=\"og:locale\" content=\"tr_TR\" \/>\n<meta property=\"og:type\" content=\"article\" \/>\n<meta property=\"og:title\" content=\"Edirne Kombi Tamiri - Zafer Teknik Servis\" \/>\n<meta property=\"og:description\" content=\"Zafer Teknik Servis Edirne Edirne Kombi Tamiri tamiri, bak\u0131m\u0131 konusunda profesyonel hizmet vermektedir. 7\/24 \u00e7al\u0131\u015farak sizlere hizmet vermekteyiz.\" \/>\n<meta property=\"og:url\" content=\"https:\/\/www.edirnebeyazesya.com\/index.php\/kombi\/\" \/>\n<meta property=\"og:site_name\" content=\"Zafer Teknik Servis\" \/>\n<meta property=\"article:modified_time\" content=\"2023-06-03T22:23:04+00:00\" \/>\n<meta property=\"og:image\" content=\"https:\/\/www.edirnebeyazesya.com\/wp-content\/uploads\/2023\/06\/kombitoplu-396x1024.jpg\" \/>\n<meta name=\"twitter:card\" content=\"summary_large_image\" \/>\n<meta name=\"twitter:description\" content=\"Zafer Teknik Servis Edirne Edirne Kombi Tamiri tamiri, bak\u0131m\u0131 konusunda profesyonel hizmet vermektedir. 7\/24 \u00e7al\u0131\u015farak sizlere hizmet vermekteyiz.\" \/>\n<meta name=\"twitter:label1\" content=\"Tahmini okuma s\u00fcresi\" \/>\n\t<meta name=\"twitter:data1\" content=\"2 dakika\" \/>\n<script type=\"application\/ld+json\" class=\"yoast-schema-graph\">{\"@context\":\"https:\/\/schema.org\",\"@graph\":[{\"@type\":\"WebPage\",\"@id\":\"https:\/\/www.edirnebeyazesya.com\/index.php\/kombi\/\",\"url\":\"https:\/\/www.edirnebeyazesya.com\/index.php\/kombi\/\",\"name\":\"Edirne Kombi Tamiri - Zafer Teknik Servis\",\"isPartOf\":{\"@id\":\"https:\/\/www.edirnebeyazesya.com\/#website\"},\"primaryImageOfPage\":{\"@id\":\"https:\/\/www.edirnebeyazesya.com\/index.php\/kombi\/#primaryimage\"},\"image\":{\"@id\":\"https:\/\/www.edirnebeyazesya.com\/index.php\/kombi\/#primaryimage\"},\"thumbnailUrl\":\"https:\/\/www.edirnebeyazesya.com\/wp-content\/uploads\/2023\/06\/kombitoplu-396x1024.jpg\",\"datePublished\":\"2023-05-19T21:31:06+00:00\",\"dateModified\":\"2023-06-03T22:23:04+00:00\",\"description\":\"Zafer Teknik Servis Edirne Edirne Kombi Tamiri tamiri, bak\u0131m\u0131 konusunda profesyonel hizmet vermektedir. 7\/24 \u00e7al\u0131\u015farak sizlere hizmet vermekteyiz.\",\"breadcrumb\":{\"@id\":\"https:\/\/www.edirnebeyazesya.com\/index.php\/kombi\/#breadcrumb\"},\"inLanguage\":\"tr\",\"potentialAction\":[{\"@type\":\"ReadAction\",\"target\":[\"https:\/\/www.edirnebeyazesya.com\/index.php\/kombi\/\"]}]},{\"@type\":\"ImageObject\",\"inLanguage\":\"tr\",\"@id\":\"https:\/\/www.edirnebeyazesya.com\/index.php\/kombi\/#primaryimage\",\"url\":\"https:\/\/www.edirnebeyazesya.com\/wp-content\/uploads\/2023\/06\/kombitoplu-396x1024.jpg\",\"contentUrl\":\"https:\/\/www.edirnebeyazesya.com\/wp-content\/uploads\/2023\/06\/kombitoplu-396x1024.jpg\"},{\"@type\":\"BreadcrumbList\",\"@id\":\"https:\/\/www.edirnebeyazesya.com\/index.php\/kombi\/#breadcrumb\",\"itemListElement\":[{\"@type\":\"ListItem\",\"position\":1,\"name\":\"Anasayfa\",\"item\":\"https:\/\/www.edirnebeyazesya.com\/\"},{\"@type\":\"ListItem\",\"position\":2,\"name\":\"Edirne Kombi Tamiri\"}]},{\"@type\":\"WebSite\",\"@id\":\"https:\/\/www.edirnebeyazesya.com\/#website\",\"url\":\"https:\/\/www.edirnebeyazesya.com\/\",\"name\":\"Edirne Beyaz E\u015fya, Kombi, Klima - Zafer Teknik\",\"description\":\"Edirne Beyaz E\u015fya, Kombi, Klima - Zafer Teknik Servis\",\"publisher\":{\"@id\":\"https:\/\/www.edirnebeyazesya.com\/#organization\"},\"potentialAction\":[{\"@type\":\"SearchAction\",\"target\":{\"@type\":\"EntryPoint\",\"urlTemplate\":\"https:\/\/www.edirnebeyazesya.com\/?s={search_term_string}\"},\"query-input\":{\"@type\":\"PropertyValueSpecification\",\"valueRequired\":true,\"valueName\":\"search_term_string\"}}],\"inLanguage\":\"tr\"},{\"@type\":\"Organization\",\"@id\":\"https:\/\/www.edirnebeyazesya.com\/#organization\",\"name\":\"Edirne Beyaz E\u015fya, Kombi, Klima - Zafer Teknik\",\"url\":\"https:\/\/www.edirnebeyazesya.com\/\",\"logo\":{\"@type\":\"ImageObject\",\"inLanguage\":\"tr\",\"@id\":\"https:\/\/www.edirnebeyazesya.com\/#\/schema\/logo\/image\/\",\"url\":\"https:\/\/www.edirnebeyazesya.com\/wp-content\/uploads\/2023\/05\/cropped-zafer-teknik-servis-low-resolution-color-logo-1-1.png\",\"contentUrl\":\"https:\/\/www.edirnebeyazesya.com\/wp-content\/uploads\/2023\/05\/cropped-zafer-teknik-servis-low-resolution-color-logo-1-1.png\",\"width\":240,\"height\":114,\"caption\":\"Edirne Beyaz E\u015fya, Kombi, Klima - Zafer Teknik\"},\"image\":{\"@id\":\"https:\/\/www.edirnebeyazesya.com\/#\/schema\/logo\/image\/\"}}]}<\/script>\n<!-- \/ Yoast SEO plugin. -->","yoast_head_json":{"title":"Edirne Kombi Tamiri - Zafer Teknik Servis","description":"Zafer Teknik Servis Edirne Edirne Kombi Tamiri tamiri, bak\u0131m\u0131 konusunda profesyonel hizmet vermektedir. 7\/24 \u00e7al\u0131\u015farak sizlere hizmet vermekteyiz.","robots":{"index":"index","follow":"follow","max-snippet":"max-snippet:-1","max-image-preview":"max-image-preview:large","max-video-preview":"max-video-preview:-1"},"canonical":"https:\/\/www.edirnebeyazesya.com\/index.php\/kombi\/","og_locale":"tr_TR","og_type":"article","og_title":"Edirne Kombi Tamiri - Zafer Teknik Servis","og_description":"Zafer Teknik Servis Edirne Edirne Kombi Tamiri tamiri, bak\u0131m\u0131 konusunda profesyonel hizmet vermektedir. 7\/24 \u00e7al\u0131\u015farak sizlere hizmet vermekteyiz.","og_url":"https:\/\/www.edirnebeyazesya.com\/index.php\/kombi\/","og_site_name":"Zafer Teknik Servis","article_modified_time":"2023-06-03T22:23:04+00:00","og_image":[{"url":"https:\/\/www.edirnebeyazesya.com\/wp-content\/uploads\/2023\/06\/kombitoplu-396x1024.jpg","type":"","width":"","height":""}],"twitter_card":"summary_large_image","twitter_description":"Zafer Teknik Servis Edirne Edirne Kombi Tamiri tamiri, bak\u0131m\u0131 konusunda profesyonel hizmet vermektedir. 7\/24 \u00e7al\u0131\u015farak sizlere hizmet vermekteyiz.","twitter_misc":{"Tahmini okuma s\u00fcresi":"2 dakika"},"schema":{"@context":"https:\/\/schema.org","@graph":[{"@type":"WebPage","@id":"https:\/\/www.edirnebeyazesya.com\/index.php\/kombi\/","url":"https:\/\/www.edirnebeyazesya.com\/index.php\/kombi\/","name":"Edirne Kombi Tamiri - Zafer Teknik Servis","isPartOf":{"@id":"https:\/\/www.edirnebeyazesya.com\/#website"},"primaryImageOfPage":{"@id":"https:\/\/www.edirnebeyazesya.com\/index.php\/kombi\/#primaryimage"},"image":{"@id":"https:\/\/www.edirnebeyazesya.com\/index.php\/kombi\/#primaryimage"},"thumbnailUrl":"https:\/\/www.edirnebeyazesya.com\/wp-content\/uploads\/2023\/06\/kombitoplu-396x1024.jpg","datePublished":"2023-05-19T21:31:06+00:00","dateModified":"2023-06-03T22:23:04+00:00","description":"Zafer Teknik Servis Edirne Edirne Kombi Tamiri tamiri, bak\u0131m\u0131 konusunda profesyonel hizmet vermektedir. 7\/24 \u00e7al\u0131\u015farak sizlere hizmet vermekteyiz.","breadcrumb":{"@id":"https:\/\/www.edirnebeyazesya.com\/index.php\/kombi\/#breadcrumb"},"inLanguage":"tr","potentialAction":[{"@type":"ReadAction","target":["https:\/\/www.edirnebeyazesya.com\/index.php\/kombi\/"]}]},{"@type":"ImageObject","inLanguage":"tr","@id":"https:\/\/www.edirnebeyazesya.com\/index.php\/kombi\/#primaryimage","url":"https:\/\/www.edirnebeyazesya.com\/wp-content\/uploads\/2023\/06\/kombitoplu-396x1024.jpg","contentUrl":"https:\/\/www.edirnebeyazesya.com\/wp-content\/uploads\/2023\/06\/kombitoplu-396x1024.jpg"},{"@type":"BreadcrumbList","@id":"https:\/\/www.edirnebeyazesya.com\/index.php\/kombi\/#breadcrumb","itemListElement":[{"@type":"ListItem","position":1,"name":"Anasayfa","item":"https:\/\/www.edirnebeyazesya.com\/"},{"@type":"ListItem","position":2,"name":"Edirne Kombi Tamiri"}]},{"@type":"WebSite","@id":"https:\/\/www.edirnebeyazesya.com\/#website","url":"https:\/\/www.edirnebeyazesya.com\/","name":"Edirne Beyaz E\u015fya, Kombi, Klima - Zafer Teknik","description":"Edirne Beyaz E\u015fya, Kombi, Klima - Zafer Teknik Servis","publisher":{"@id":"https:\/\/www.edirnebeyazesya.com\/#organization"},"potentialAction":[{"@type":"SearchAction","target":{"@type":"EntryPoint","urlTemplate":"https:\/\/www.edirnebeyazesya.com\/?s={search_term_string}"},"query-input":{"@type":"PropertyValueSpecification","valueRequired":true,"valueName":"search_term_string"}}],"inLanguage":"tr"},{"@type":"Organization","@id":"https:\/\/www.edirnebeyazesya.com\/#organization","name":"Edirne Beyaz E\u015fya, Kombi, Klima - Zafer Teknik","url":"https:\/\/www.edirnebeyazesya.com\/","logo":{"@type":"ImageObject","inLanguage":"tr","@id":"https:\/\/www.edirnebeyazesya.com\/#\/schema\/logo\/image\/","url":"https:\/\/www.edirnebeyazesya.com\/wp-content\/uploads\/2023\/05\/cropped-zafer-teknik-servis-low-resolution-color-logo-1-1.png","contentUrl":"https:\/\/www.edirnebeyazesya.com\/wp-content\/uploads\/2023\/05\/cropped-zafer-teknik-servis-low-resolution-color-logo-1-1.png","width":240,"height":114,"caption":"Edirne Beyaz E\u015fya, Kombi, Klima - Zafer Teknik"},"image":{"@id":"https:\/\/www.edirnebeyazesya.com\/#\/schema\/logo\/image\/"}}]}},"_links":{"self":[{"href":"https:\/\/www.edirnebeyazesya.com\/index.php\/wp-json\/wp\/v2\/pages\/34","targetHints":{"allow":["GET"]}}],"collection":[{"href":"https:\/\/www.edirnebeyazesya.com\/index.php\/wp-json\/wp\/v2\/pages"}],"about":[{"href":"https:\/\/www.edirnebeyazesya.com\/index.php\/wp-json\/wp\/v2\/types\/page"}],"author":[{"embeddable":true,"href":"https:\/\/www.edirnebeyazesya.com\/index.php\/wp-json\/wp\/v2\/users\/1"}],"replies":[{"embeddable":true,"href":"https:\/\/www.edirnebeyazesya.com\/index.php\/wp-json\/wp\/v2\/comments?post=34"}],"version-history":[{"count":49,"href":"https:\/\/www.edirnebeyazesya.com\/index.php\/wp-json\/wp\/v2\/pages\/34\/revisions"}],"predecessor-version":[{"id":518,"href":"https:\/\/www.edirnebeyazesya.com\/index.php\/wp-json\/wp\/v2\/pages\/34\/revisions\/518"}],"wp:attachment":[{"href":"https:\/\/www.edirnebeyazesya.com\/index.php\/wp-json\/wp\/v2\/media?parent=34"}],"curies":[{"name":"wp","href":"https:\/\/api.w.org\/{rel}","templated":true}]}}