{"id":2,"date":"2023-05-19T20:45:33","date_gmt":"2023-05-19T20:45:33","guid":{"rendered":"http:\/\/www.edirnebeyazesya.com\/?page_id=2"},"modified":"2023-06-03T23:13:06","modified_gmt":"2023-06-03T23:13:06","slug":"hakkimizda","status":"publish","type":"page","link":"https:\/\/www.edirnebeyazesya.com\/index.php\/hakkimizda\/","title":{"rendered":"Hakk\u0131m\u0131zda"},"content":{"rendered":"<div class=\"n2_clear\"><ss3-force-full-width data-overflow-x=\"body\" data-horizontal-selector=\"body\"><div class=\"n2-section-smartslider fitvidsignore  n2_clear\" data-ssid=\"15\" tabindex=\"0\" role=\"region\" aria-label=\"Slider\"><div id=\"n2-ss-15-align\" class=\"n2-ss-align\"><div class=\"n2-padding\"><div id=\"n2-ss-15\" data-creator=\"Smart Slider 3\" data-responsive=\"fullwidth\" class=\"n2-ss-slider n2-ow n2-has-hover n2notransition  \">\n        <div class=\"n2-ss-slider-1 n2_ss__touch_element n2-ow\">\n            <div class=\"n2-ss-slider-2 n2-ow\">\n                                                <div class=\"n2-ss-slider-3 n2-ow\">\n\n                    <div class=\"n2-ss-slide-backgrounds n2-ow-all\"><div class=\"n2-ss-slide-background\" data-public-id=\"1\" data-mode=\"fill\"><div class=\"n2-ss-slide-background-image\" data-blur=\"3\" data-opacity=\"38\" data-x=\"28\" data-y=\"41\" data-alt=\"Edirne Zafer Teknik Hakk\u0131m\u0131zda\" data-title=\"Edirne Zafer Teknik Hakk\u0131m\u0131zda\" style=\"opacity:0.38;--ss-o-pos-x:28%;--ss-o-pos-y:41%\"><picture class=\"skip-lazy\" data-skip-lazy=\"1\"><img decoding=\"async\" src=\"\/\/www.edirnebeyazesya.com\/wp-content\/uploads\/slider\/cache\/ca8e6b89192992a23ef54f077375c009\/about-us2.jpg\" alt=\"Edirne Zafer Teknik Hakk\u0131m\u0131zda\" title=\"Edirne Zafer Teknik Hakk\u0131m\u0131zda\" loading=\"lazy\" class=\"skip-lazy\" data-skip-lazy=\"1\"><\/picture><\/div><div data-color=\"RGBA(68,68,68,0.8)\" style=\"background-color: RGBA(68,68,68,0.8);\" class=\"n2-ss-slide-background-color\"><\/div><\/div><\/div>                    <div class=\"n2-ss-slider-4 n2-ow\">\n                        <svg xmlns=\"http:\/\/www.w3.org\/2000\/svg\" viewBox=\"0 0 1920 200\" data-related-device=\"desktopPortrait\" class=\"n2-ow n2-ss-preserve-size n2-ss-preserve-size--slider n2-ss-slide-limiter\"><\/svg><div data-first=\"1\" data-slide-duration=\"0\" data-id=\"35\" data-slide-public-id=\"1\" data-title=\"Slide 1\" class=\"n2-ss-slide n2-ow  n2-ss-slide-35\"><div role=\"note\" class=\"n2-ss-slide--focus\" tabindex=\"-1\">Slide 1<\/div><div class=\"n2-ss-layers-container n2-ss-slide-limiter n2-ow\"><div class=\"n2-ss-layer n2-ow n-uc-FBJtqU31wmFT\" data-sstype=\"slide\" data-pm=\"default\"><div class=\"n2-ss-layer n2-ow n-uc-Er6JojpO9218\" data-pm=\"default\" data-sstype=\"content\" data-hasbackground=\"0\"><div class=\"n2-ss-section-main-content n2-ss-layer-with-background n2-ss-layer-content n2-ow n-uc-Er6JojpO9218-inner\"><div class=\"n2-ss-layer n2-ow n-uc-y7IqXzwJ9Cza\" data-pm=\"normal\" data-sstype=\"layer\"><div id=\"n2-ss-15item1\" class=\"n2-font-a930bfce5ae9d1bcd9a7bb7671937f3c-hover   n2-ss-item-content n2-ss-text n2-ow\" style=\"display:block;\">HAKKIMIZDA<\/div><\/div><\/div><\/div><\/div><\/div><\/div>                    <\/div>\n\n                                    <\/div>\n            <\/div>\n        <\/div>\n        <\/div><ss3-loader><\/ss3-loader><\/div><\/div><div class=\"n2_clear\"><\/div><\/div><\/ss3-force-full-width><\/div>\n\n\n<div style=\"height:67px\" aria-hidden=\"true\" class=\"wp-block-spacer\"><\/div>\n\n\n\n<div class=\"wp-block-group\"><div class=\"wp-block-group__inner-container is-layout-constrained wp-block-group-is-layout-constrained\">\n<div class=\"wp-block-columns is-layout-flex wp-container-core-columns-is-layout-9d6595d7 wp-block-columns-is-layout-flex\">\n<div class=\"wp-block-column is-layout-flow wp-block-column-is-layout-flow\">\n<p class=\"has-medium-font-size\"><strong>Zafer Teknik Servis<\/strong> olarak, Edirne&#8217;de Buzdolab\u0131, Kombi, Klima, Bula\u015f\u0131k Makinesi, \u00c7ama\u015f\u0131r Makinesi ve di\u011fer t\u00fcm Beyaz E\u015fya Tamir Bak\u0131m Servisi hizmetlerinde \u00f6nc\u00fc firmalardan biriyiz. Uzman bir ekip ve disiplinli \u00e7al\u0131\u015fmam\u0131z sayesinde sekt\u00f6rde \u00f6ne \u00e7\u0131kmaktay\u0131z. Edirne Zafer Teknik Servis profesyonel hizmet vermektedir. <\/p>\n\n\n\n<p class=\"has-medium-font-size\">De\u011ferli m\u00fc\u015fterilerimize sundu\u011fumuz her i\u015flem i\u00e7in garanti veriyoruz. Ola\u011fan\u00fcst\u00fc durumlar haricinde, servis ve bak\u0131m i\u015flemlerinizi evinizde ger\u00e7ekle\u015ftiriyoruz.<\/p>\n\n\n\n<p class=\"has-medium-font-size\">Sorular\u0131n\u0131z\u0131 memnuniyetle yan\u0131tlamak i\u00e7in telefonlar\u0131n\u0131z\u0131 bekliyoruz. Size sorunun \u00e7\u00f6z\u00fcm\u00fcn\u00fc detayl\u0131 bir \u015fekilde anlatabilir ve uygulayabiliriz. \u0130leti\u015fim i\u00e7in bizi aramaktan \u00e7ekinmeyin.<\/p>\n\n\n\n<p><\/p>\n<\/div>\n\n\n\n<div class=\"wp-block-column is-layout-flow wp-block-column-is-layout-flow\">\n<figure class=\"wp-block-image size-large is-style-default\"><img loading=\"lazy\" decoding=\"async\" width=\"1024\" height=\"598\" src=\"http:\/\/www.edirnebeyazesya.com\/wp-content\/uploads\/2023\/06\/2022-12-27-1024x598.jpg\" alt=\"\" class=\"wp-image-409\" srcset=\"https:\/\/www.edirnebeyazesya.com\/wp-content\/uploads\/2023\/06\/2022-12-27-1024x598.jpg 1024w, https:\/\/www.edirnebeyazesya.com\/wp-content\/uploads\/2023\/06\/2022-12-27-300x175.jpg 300w, https:\/\/www.edirnebeyazesya.com\/wp-content\/uploads\/2023\/06\/2022-12-27-768x449.jpg 768w, https:\/\/www.edirnebeyazesya.com\/wp-content\/uploads\/2023\/06\/2022-12-27.jpg 1102w\" sizes=\"auto, (max-width: 1024px) 100vw, 1024px\" \/><\/figure>\n<\/div>\n<\/div>\n<\/div><\/div>\n","protected":false},"excerpt":{"rendered":"<p>Zafer Teknik Servis olarak, Edirne&#8217;de Buzdolab\u0131, Kombi, Klima, Bula\u015f\u0131k Makinesi, \u00c7ama\u015f\u0131r Makinesi ve di\u011fer t\u00fcm Beyaz E\u015fya Tamir Bak\u0131m Servisi hizmetlerinde \u00f6nc\u00fc firmalardan biriyiz. Uzman bir ekip ve disiplinli \u00e7al\u0131\u015fmam\u0131z sayesinde sekt\u00f6rde \u00f6ne \u00e7\u0131kmaktay\u0131z. Edirne Zafer Teknik Servis profesyonel hizmet vermektedir. De\u011ferli m\u00fc\u015fterilerimize sundu\u011fumuz her i\u015flem i\u00e7in garanti veriyoruz. Ola\u011fan\u00fcst\u00fc durumlar haricinde, servis ve bak\u0131m [&hellip;]<\/p>\n","protected":false},"author":1,"featured_media":0,"parent":0,"menu_order":0,"comment_status":"closed","ping_status":"open","template":"","meta":{"footnotes":""},"class_list":["post-2","page","type-page","status-publish","hentry"],"yoast_head":"<!-- This site is optimized with the Yoast SEO plugin v24.9 - https:\/\/yoast.com\/wordpress\/plugins\/seo\/ -->\n<title>Hakk\u0131m\u0131zda - Zafer Teknik Servis<\/title>\n<meta name=\"description\" content=\"Zafer Teknik Servis olarak, Edirne&#039;de Buzdolab\u0131, Kombi, Klima, Bula\u015f\u0131k Makinesi, \u00c7ama\u015f\u0131r Makinesi ve di\u011fer t\u00fcm Beyaz E\u015fya Tamir Bak\u0131m Servisi hizmetlerinde \u00f6nc\u00fc firmalardan biriyiz\" \/>\n<meta name=\"robots\" content=\"index, follow, max-snippet:-1, max-image-preview:large, max-video-preview:-1\" \/>\n<link rel=\"canonical\" href=\"https:\/\/www.edirnebeyazesya.com\/index.php\/hakkimizda\/\" \/>\n<meta property=\"og:locale\" content=\"tr_TR\" \/>\n<meta property=\"og:type\" content=\"article\" \/>\n<meta property=\"og:title\" content=\"Hakk\u0131m\u0131zda - Zafer Teknik Servis\" \/>\n<meta property=\"og:description\" content=\"Zafer Teknik Servis olarak, Edirne&#039;de Buzdolab\u0131, Kombi, Klima, Bula\u015f\u0131k Makinesi, \u00c7ama\u015f\u0131r Makinesi ve di\u011fer t\u00fcm Beyaz E\u015fya Tamir Bak\u0131m Servisi hizmetlerinde \u00f6nc\u00fc firmalardan biriyiz\" \/>\n<meta property=\"og:url\" content=\"https:\/\/www.edirnebeyazesya.com\/index.php\/hakkimizda\/\" \/>\n<meta property=\"og:site_name\" content=\"Zafer Teknik Servis\" \/>\n<meta property=\"article:modified_time\" content=\"2023-06-03T23:13:06+00:00\" \/>\n<meta property=\"og:image\" content=\"http:\/\/www.edirnebeyazesya.com\/wp-content\/uploads\/2023\/06\/2022-12-27-1024x598.jpg\" \/>\n<meta name=\"twitter:card\" content=\"summary_large_image\" \/>\n<meta name=\"twitter:description\" content=\"Zafer Teknik Servis olarak, Edirne&#039;de Buzdolab\u0131, Kombi, Klima, Bula\u015f\u0131k Makinesi, \u00c7ama\u015f\u0131r Makinesi ve di\u011fer t\u00fcm Beyaz E\u015fya Tamir Bak\u0131m Servisi hizmetlerinde \u00f6nc\u00fc firmalardan biriyiz\" \/>\n<meta name=\"twitter:label1\" content=\"Tahmini okuma s\u00fcresi\" \/>\n\t<meta name=\"twitter:data1\" content=\"1 dakika\" \/>\n<script type=\"application\/ld+json\" class=\"yoast-schema-graph\">{\"@context\":\"https:\/\/schema.org\",\"@graph\":[{\"@type\":\"WebPage\",\"@id\":\"https:\/\/www.edirnebeyazesya.com\/index.php\/hakkimizda\/\",\"url\":\"https:\/\/www.edirnebeyazesya.com\/index.php\/hakkimizda\/\",\"name\":\"Hakk\u0131m\u0131zda - Zafer Teknik Servis\",\"isPartOf\":{\"@id\":\"https:\/\/www.edirnebeyazesya.com\/#website\"},\"primaryImageOfPage\":{\"@id\":\"https:\/\/www.edirnebeyazesya.com\/index.php\/hakkimizda\/#primaryimage\"},\"image\":{\"@id\":\"https:\/\/www.edirnebeyazesya.com\/index.php\/hakkimizda\/#primaryimage\"},\"thumbnailUrl\":\"http:\/\/www.edirnebeyazesya.com\/wp-content\/uploads\/2023\/06\/2022-12-27-1024x598.jpg\",\"datePublished\":\"2023-05-19T20:45:33+00:00\",\"dateModified\":\"2023-06-03T23:13:06+00:00\",\"description\":\"Zafer Teknik Servis olarak, Edirne'de Buzdolab\u0131, Kombi, Klima, Bula\u015f\u0131k Makinesi, \u00c7ama\u015f\u0131r Makinesi ve di\u011fer t\u00fcm Beyaz E\u015fya Tamir Bak\u0131m Servisi hizmetlerinde \u00f6nc\u00fc firmalardan biriyiz\",\"breadcrumb\":{\"@id\":\"https:\/\/www.edirnebeyazesya.com\/index.php\/hakkimizda\/#breadcrumb\"},\"inLanguage\":\"tr\",\"potentialAction\":[{\"@type\":\"ReadAction\",\"target\":[\"https:\/\/www.edirnebeyazesya.com\/index.php\/hakkimizda\/\"]}]},{\"@type\":\"ImageObject\",\"inLanguage\":\"tr\",\"@id\":\"https:\/\/www.edirnebeyazesya.com\/index.php\/hakkimizda\/#primaryimage\",\"url\":\"http:\/\/www.edirnebeyazesya.com\/wp-content\/uploads\/2023\/06\/2022-12-27-1024x598.jpg\",\"contentUrl\":\"http:\/\/www.edirnebeyazesya.com\/wp-content\/uploads\/2023\/06\/2022-12-27-1024x598.jpg\"},{\"@type\":\"BreadcrumbList\",\"@id\":\"https:\/\/www.edirnebeyazesya.com\/index.php\/hakkimizda\/#breadcrumb\",\"itemListElement\":[{\"@type\":\"ListItem\",\"position\":1,\"name\":\"Anasayfa\",\"item\":\"https:\/\/www.edirnebeyazesya.com\/\"},{\"@type\":\"ListItem\",\"position\":2,\"name\":\"Hakk\u0131m\u0131zda\"}]},{\"@type\":\"WebSite\",\"@id\":\"https:\/\/www.edirnebeyazesya.com\/#website\",\"url\":\"https:\/\/www.edirnebeyazesya.com\/\",\"name\":\"Edirne Beyaz E\u015fya, Kombi, Klima - Zafer Teknik\",\"description\":\"Edirne Beyaz E\u015fya, Kombi, Klima - Zafer Teknik Servis\",\"publisher\":{\"@id\":\"https:\/\/www.edirnebeyazesya.com\/#organization\"},\"potentialAction\":[{\"@type\":\"SearchAction\",\"target\":{\"@type\":\"EntryPoint\",\"urlTemplate\":\"https:\/\/www.edirnebeyazesya.com\/?s={search_term_string}\"},\"query-input\":{\"@type\":\"PropertyValueSpecification\",\"valueRequired\":true,\"valueName\":\"search_term_string\"}}],\"inLanguage\":\"tr\"},{\"@type\":\"Organization\",\"@id\":\"https:\/\/www.edirnebeyazesya.com\/#organization\",\"name\":\"Edirne Beyaz E\u015fya, Kombi, Klima - Zafer Teknik\",\"url\":\"https:\/\/www.edirnebeyazesya.com\/\",\"logo\":{\"@type\":\"ImageObject\",\"inLanguage\":\"tr\",\"@id\":\"https:\/\/www.edirnebeyazesya.com\/#\/schema\/logo\/image\/\",\"url\":\"https:\/\/www.edirnebeyazesya.com\/wp-content\/uploads\/2023\/05\/cropped-zafer-teknik-servis-low-resolution-color-logo-1-1.png\",\"contentUrl\":\"https:\/\/www.edirnebeyazesya.com\/wp-content\/uploads\/2023\/05\/cropped-zafer-teknik-servis-low-resolution-color-logo-1-1.png\",\"width\":240,\"height\":114,\"caption\":\"Edirne Beyaz E\u015fya, Kombi, Klima - Zafer Teknik\"},\"image\":{\"@id\":\"https:\/\/www.edirnebeyazesya.com\/#\/schema\/logo\/image\/\"}}]}<\/script>\n<!-- \/ Yoast SEO plugin. -->","yoast_head_json":{"title":"Hakk\u0131m\u0131zda - Zafer Teknik Servis","description":"Zafer Teknik Servis olarak, Edirne'de Buzdolab\u0131, Kombi, Klima, Bula\u015f\u0131k Makinesi, \u00c7ama\u015f\u0131r Makinesi ve di\u011fer t\u00fcm Beyaz E\u015fya Tamir Bak\u0131m Servisi hizmetlerinde \u00f6nc\u00fc firmalardan biriyiz","robots":{"index":"index","follow":"follow","max-snippet":"max-snippet:-1","max-image-preview":"max-image-preview:large","max-video-preview":"max-video-preview:-1"},"canonical":"https:\/\/www.edirnebeyazesya.com\/index.php\/hakkimizda\/","og_locale":"tr_TR","og_type":"article","og_title":"Hakk\u0131m\u0131zda - Zafer Teknik Servis","og_description":"Zafer Teknik Servis olarak, Edirne'de Buzdolab\u0131, Kombi, Klima, Bula\u015f\u0131k Makinesi, \u00c7ama\u015f\u0131r Makinesi ve di\u011fer t\u00fcm Beyaz E\u015fya Tamir Bak\u0131m Servisi hizmetlerinde \u00f6nc\u00fc firmalardan biriyiz","og_url":"https:\/\/www.edirnebeyazesya.com\/index.php\/hakkimizda\/","og_site_name":"Zafer Teknik Servis","article_modified_time":"2023-06-03T23:13:06+00:00","og_image":[{"url":"http:\/\/www.edirnebeyazesya.com\/wp-content\/uploads\/2023\/06\/2022-12-27-1024x598.jpg","type":"","width":"","height":""}],"twitter_card":"summary_large_image","twitter_description":"Zafer Teknik Servis olarak, Edirne'de Buzdolab\u0131, Kombi, Klima, Bula\u015f\u0131k Makinesi, \u00c7ama\u015f\u0131r Makinesi ve di\u011fer t\u00fcm Beyaz E\u015fya Tamir Bak\u0131m Servisi hizmetlerinde \u00f6nc\u00fc firmalardan biriyiz","twitter_misc":{"Tahmini okuma s\u00fcresi":"1 dakika"},"schema":{"@context":"https:\/\/schema.org","@graph":[{"@type":"WebPage","@id":"https:\/\/www.edirnebeyazesya.com\/index.php\/hakkimizda\/","url":"https:\/\/www.edirnebeyazesya.com\/index.php\/hakkimizda\/","name":"Hakk\u0131m\u0131zda - Zafer Teknik Servis","isPartOf":{"@id":"https:\/\/www.edirnebeyazesya.com\/#website"},"primaryImageOfPage":{"@id":"https:\/\/www.edirnebeyazesya.com\/index.php\/hakkimizda\/#primaryimage"},"image":{"@id":"https:\/\/www.edirnebeyazesya.com\/index.php\/hakkimizda\/#primaryimage"},"thumbnailUrl":"http:\/\/www.edirnebeyazesya.com\/wp-content\/uploads\/2023\/06\/2022-12-27-1024x598.jpg","datePublished":"2023-05-19T20:45:33+00:00","dateModified":"2023-06-03T23:13:06+00:00","description":"Zafer Teknik Servis olarak, Edirne'de Buzdolab\u0131, Kombi, Klima, Bula\u015f\u0131k Makinesi, \u00c7ama\u015f\u0131r Makinesi ve di\u011fer t\u00fcm Beyaz E\u015fya Tamir Bak\u0131m Servisi hizmetlerinde \u00f6nc\u00fc firmalardan biriyiz","breadcrumb":{"@id":"https:\/\/www.edirnebeyazesya.com\/index.php\/hakkimizda\/#breadcrumb"},"inLanguage":"tr","potentialAction":[{"@type":"ReadAction","target":["https:\/\/www.edirnebeyazesya.com\/index.php\/hakkimizda\/"]}]},{"@type":"ImageObject","inLanguage":"tr","@id":"https:\/\/www.edirnebeyazesya.com\/index.php\/hakkimizda\/#primaryimage","url":"http:\/\/www.edirnebeyazesya.com\/wp-content\/uploads\/2023\/06\/2022-12-27-1024x598.jpg","contentUrl":"http:\/\/www.edirnebeyazesya.com\/wp-content\/uploads\/2023\/06\/2022-12-27-1024x598.jpg"},{"@type":"BreadcrumbList","@id":"https:\/\/www.edirnebeyazesya.com\/index.php\/hakkimizda\/#breadcrumb","itemListElement":[{"@type":"ListItem","position":1,"name":"Anasayfa","item":"https:\/\/www.edirnebeyazesya.com\/"},{"@type":"ListItem","position":2,"name":"Hakk\u0131m\u0131zda"}]},{"@type":"WebSite","@id":"https:\/\/www.edirnebeyazesya.com\/#website","url":"https:\/\/www.edirnebeyazesya.com\/","name":"Edirne Beyaz E\u015fya, Kombi, Klima - Zafer Teknik","description":"Edirne Beyaz E\u015fya, Kombi, Klima - Zafer Teknik Servis","publisher":{"@id":"https:\/\/www.edirnebeyazesya.com\/#organization"},"potentialAction":[{"@type":"SearchAction","target":{"@type":"EntryPoint","urlTemplate":"https:\/\/www.edirnebeyazesya.com\/?s={search_term_string}"},"query-input":{"@type":"PropertyValueSpecification","valueRequired":true,"valueName":"search_term_string"}}],"inLanguage":"tr"},{"@type":"Organization","@id":"https:\/\/www.edirnebeyazesya.com\/#organization","name":"Edirne Beyaz E\u015fya, Kombi, Klima - Zafer Teknik","url":"https:\/\/www.edirnebeyazesya.com\/","logo":{"@type":"ImageObject","inLanguage":"tr","@id":"https:\/\/www.edirnebeyazesya.com\/#\/schema\/logo\/image\/","url":"https:\/\/www.edirnebeyazesya.com\/wp-content\/uploads\/2023\/05\/cropped-zafer-teknik-servis-low-resolution-color-logo-1-1.png","contentUrl":"https:\/\/www.edirnebeyazesya.com\/wp-content\/uploads\/2023\/05\/cropped-zafer-teknik-servis-low-resolution-color-logo-1-1.png","width":240,"height":114,"caption":"Edirne Beyaz E\u015fya, Kombi, Klima - Zafer Teknik"},"image":{"@id":"https:\/\/www.edirnebeyazesya.com\/#\/schema\/logo\/image\/"}}]}},"_links":{"self":[{"href":"https:\/\/www.edirnebeyazesya.com\/index.php\/wp-json\/wp\/v2\/pages\/2","targetHints":{"allow":["GET"]}}],"collection":[{"href":"https:\/\/www.edirnebeyazesya.com\/index.php\/wp-json\/wp\/v2\/pages"}],"about":[{"href":"https:\/\/www.edirnebeyazesya.com\/index.php\/wp-json\/wp\/v2\/types\/page"}],"author":[{"embeddable":true,"href":"https:\/\/www.edirnebeyazesya.com\/index.php\/wp-json\/wp\/v2\/users\/1"}],"replies":[{"embeddable":true,"href":"https:\/\/www.edirnebeyazesya.com\/index.php\/wp-json\/wp\/v2\/comments?post=2"}],"version-history":[{"count":20,"href":"https:\/\/www.edirnebeyazesya.com\/index.php\/wp-json\/wp\/v2\/pages\/2\/revisions"}],"predecessor-version":[{"id":537,"href":"https:\/\/www.edirnebeyazesya.com\/index.php\/wp-json\/wp\/v2\/pages\/2\/revisions\/537"}],"wp:attachment":[{"href":"https:\/\/www.edirnebeyazesya.com\/index.php\/wp-json\/wp\/v2\/media?parent=2"}],"curies":[{"name":"wp","href":"https:\/\/api.w.org\/{rel}","templated":true}]}}